{"id":129,"date":"2023-02-20T13:48:47","date_gmt":"2023-02-20T12:48:47","guid":{"rendered":"http:\/\/dj-lucky.fr\/?page_id=129"},"modified":"2024-01-15T18:39:15","modified_gmt":"2024-01-15T17:39:15","slug":"prestation-mariage","status":"publish","type":"page","link":"https:\/\/dj-lucky.fr\/index.php\/prestation-mariage\/","title":{"rendered":"Mariage"},"content":{"rendered":"\n<p><em><strong><mark style=\"background-color:rgba(0, 0, 0, 0)\" class=\"has-inline-color has-primary-color\">Faites confiance \u00e0 un professionnel du mariage pour l&rsquo;un des plus beaux jours de votre vie !<\/mark><\/strong><\/em><\/p>\n\n\n\n<p>Une ambiance unique pour <strong><em>votre futur mariage.<\/em><\/strong><br>Faites appel \u00e0 notre \u00e9quipe pour <em>sonoriser<\/em> et<em> mettre en lumi\u00e8re votre lieu d&rsquo;\u00e9v\u00e8nement sur mesure.<\/em><\/p>\n\n\n\n<p><br>Afin de d\u00e9finir votre projet, de le budg\u00e9ter, contactons nous le plus rapidement possible.<br>\u00c0 votre \u00e9coute, votre demande et nos conseils, nous vous promettons le mariage de vos r\u00eaves!<\/p>\n\n\n\n<p>N&rsquo;h\u00e9sitez pas \u00e0 aller jeter un \u0153il sur la page \u00ab\u00a0Avis clients\u00a0\u00bb<\/p>\n\n\n\n<div class=\"wp-block-buttons is-layout-flex wp-block-buttons-is-layout-flex\">\n<div class=\"wp-block-button is-style-outline is-style-outline--1\"><a class=\"wp-block-button__link has-black-color has-white-background-color has-text-color has-background wp-element-button\" href=\"https:\/\/dj-lucky.fr\/index.php\/avis-clients\/\" style=\"border-radius:100px\">Voir les avis clients<\/a><\/div>\n<\/div>\n\n\n\n<figure class=\"wp-block-image aligncenter size-full wp-duotone-unset-2\"><img fetchpriority=\"high\" decoding=\"async\" width=\"250\" height=\"270\" src=\"https:\/\/dj-lucky.fr\/wp-content\/uploads\/2024\/01\/mariage2.gif\" alt=\"\" class=\"wp-image-1065\"\/><\/figure>\n","protected":false},"excerpt":{"rendered":"<p>Faites confiance \u00e0 un professionnel du mariage pour l&rsquo;un des plus beaux jours de votre vie ! Une ambiance unique pour votre futur mariage.Faites appel \u00e0 notre \u00e9quipe pour sonoriser et mettre en lumi\u00e8re votre lieu d&rsquo;\u00e9v\u00e8nement sur mesure. Afin de d\u00e9finir votre projet, de le budg\u00e9ter, contactons nous le plus rapidement possible.\u00c0 votre \u00e9coute, [&hellip;]<\/p>\n","protected":false},"author":1,"featured_media":0,"parent":0,"menu_order":0,"comment_status":"closed","ping_status":"closed","template":"","meta":{"_monsterinsights_skip_tracking":false,"_monsterinsights_sitenote_active":false,"_monsterinsights_sitenote_note":"","_monsterinsights_sitenote_category":0,"jetpack_post_was_ever_published":false,"footnotes":""},"class_list":["post-129","page","type-page","status-publish","hentry"],"aioseo_notices":[],"jetpack_sharing_enabled":true,"jetpack_likes_enabled":true,"_links":{"self":[{"href":"https:\/\/dj-lucky.fr\/index.php\/wp-json\/wp\/v2\/pages\/129","targetHints":{"allow":["GET"]}}],"collection":[{"href":"https:\/\/dj-lucky.fr\/index.php\/wp-json\/wp\/v2\/pages"}],"about":[{"href":"https:\/\/dj-lucky.fr\/index.php\/wp-json\/wp\/v2\/types\/page"}],"author":[{"embeddable":true,"href":"https:\/\/dj-lucky.fr\/index.php\/wp-json\/wp\/v2\/users\/1"}],"replies":[{"embeddable":true,"href":"https:\/\/dj-lucky.fr\/index.php\/wp-json\/wp\/v2\/comments?post=129"}],"version-history":[{"count":69,"href":"https:\/\/dj-lucky.fr\/index.php\/wp-json\/wp\/v2\/pages\/129\/revisions"}],"predecessor-version":[{"id":1066,"href":"https:\/\/dj-lucky.fr\/index.php\/wp-json\/wp\/v2\/pages\/129\/revisions\/1066"}],"wp:attachment":[{"href":"https:\/\/dj-lucky.fr\/index.php\/wp-json\/wp\/v2\/media?parent=129"}],"curies":[{"name":"wp","href":"https:\/\/api.w.org\/{rel}","templated":true}]}}