{"id":827,"date":"2023-11-03T15:38:40","date_gmt":"2023-11-03T14:38:40","guid":{"rendered":"https:\/\/dj-lucky.fr\/?page_id=827"},"modified":"2026-02-03T22:42:35","modified_gmt":"2026-02-03T21:42:35","slug":"locations","status":"publish","type":"page","link":"https:\/\/dj-lucky.fr\/index.php\/locations\/","title":{"rendered":"Locations"},"content":{"rendered":"\n<p class=\"has-text-align-center\">Location de Photobooth \u00ab\u00a0connect\u00e9\u00a0\u00bb et reli\u00e9 avec vos smartphones (Android et Apple). <br>Simple d&rsquo;utilisation<br>Pr\u00eat \u00e0 l&#8217;emploi<br>Nombre illimit\u00e9 de photos et vid\u00e9os<br>Fonctionnement en 4G (carte SIM int\u00e9gr\u00e9e)<br>Ajout de photos et vid\u00e9os \u00e0 partir de vos smartphones via l&rsquo;application gratuite<br>Partage et r\u00e9cup\u00e9ration des photos sur vos smartphones <br>Caution demand\u00e9e<br>Veuillez nous contacter pour obtenir un devis<\/p>\n\n\n\n<figure class=\"wp-block-image aligncenter size-large\"><img fetchpriority=\"high\" decoding=\"async\" width=\"1024\" height=\"683\" src=\"https:\/\/dj-lucky.fr\/wp-content\/uploads\/2026\/02\/Publicite03.02.2026-V3-1024x683.png\" alt=\"\" class=\"wp-image-2124\" srcset=\"https:\/\/dj-lucky.fr\/wp-content\/uploads\/2026\/02\/Publicite03.02.2026-V3-1024x683.png 1024w, https:\/\/dj-lucky.fr\/wp-content\/uploads\/2026\/02\/Publicite03.02.2026-V3-300x200.png 300w, https:\/\/dj-lucky.fr\/wp-content\/uploads\/2026\/02\/Publicite03.02.2026-V3-150x100.png 150w, https:\/\/dj-lucky.fr\/wp-content\/uploads\/2026\/02\/Publicite03.02.2026-V3-768x512.png 768w, https:\/\/dj-lucky.fr\/wp-content\/uploads\/2026\/02\/Publicite03.02.2026-V3.png 1200w\" sizes=\"(max-width: 1024px) 100vw, 1024px\" \/><\/figure>\n\n\n\n<p class=\"has-text-align-center\"><em>______________________________________________________<\/em><\/p>\n\n\n\n<p class=\"has-text-align-center\">Location d&rsquo;un Livre d&rsquo;Or Audio<br>Sur batterie &#8211; sera charger avant le d\u00e9part de la location &#8211; fournit avec son c\u00e2ble de rechargement et de transfert audio fournit.<br>Caution demand\u00e9e<br>Veuillez nous contacter pour obtenir un devis<\/p>\n\n\n\n<div class=\"wp-block-group has-small-font-size has-global-padding is-layout-constrained wp-block-group-is-layout-constrained\">\n<div class=\"wp-block-jetpack-tiled-gallery aligncenter is-style-columns\"><div class=\"\"><div class=\"tiled-gallery__gallery\"><div class=\"tiled-gallery__row\"><div class=\"tiled-gallery__col\" style=\"flex-basis:48.12670%\"><figure class=\"tiled-gallery__item\"><img decoding=\"async\" srcset=\"https:\/\/i0.wp.com\/dj-lucky.fr\/wp-content\/uploads\/2024\/11\/2.jpeg?strip=info&#038;w=600 600w,https:\/\/i0.wp.com\/dj-lucky.fr\/wp-content\/uploads\/2024\/11\/2.jpeg?strip=info&#038;w=794 794w\" alt=\"\" data-height=\"596\" data-id=\"1443\" data-link=\"https:\/\/dj-lucky.fr\/index.php\/locations\/2-3\/\" data-url=\"https:\/\/dj-lucky.fr\/wp-content\/uploads\/2024\/11\/2.jpeg\" data-width=\"794\" src=\"https:\/\/i0.wp.com\/dj-lucky.fr\/wp-content\/uploads\/2024\/11\/2.jpeg\" data-amp-layout=\"responsive\"\/><\/figure><\/div><div class=\"tiled-gallery__col\" style=\"flex-basis:51.87330%\"><figure class=\"tiled-gallery__item\"><img decoding=\"async\" srcset=\"https:\/\/i0.wp.com\/dj-lucky.fr\/wp-content\/uploads\/2024\/11\/tel.jpeg?strip=info&#038;w=600 600w,https:\/\/i0.wp.com\/dj-lucky.fr\/wp-content\/uploads\/2024\/11\/tel.jpeg?strip=info&#038;w=900 900w,https:\/\/i0.wp.com\/dj-lucky.fr\/wp-content\/uploads\/2024\/11\/tel.jpeg?strip=info&#038;w=1024 1024w\" alt=\"\" data-height=\"713\" data-id=\"1444\" data-link=\"https:\/\/dj-lucky.fr\/index.php\/locations\/tel\/\" data-url=\"https:\/\/dj-lucky.fr\/wp-content\/uploads\/2024\/11\/tel.jpeg\" data-width=\"1024\" src=\"https:\/\/i0.wp.com\/dj-lucky.fr\/wp-content\/uploads\/2024\/11\/tel.jpeg\" data-amp-layout=\"responsive\"\/><\/figure><\/div><\/div><\/div><\/div><\/div>\n<\/div>\n\n\n\n<p><\/p>\n","protected":false},"excerpt":{"rendered":"<p>Location de Photobooth \u00ab\u00a0connect\u00e9\u00a0\u00bb et reli\u00e9 avec vos smartphones (Android et Apple). Simple d&rsquo;utilisationPr\u00eat \u00e0 l&#8217;emploiNombre illimit\u00e9 de photos et vid\u00e9osFonctionnement en 4G (carte SIM int\u00e9gr\u00e9e)Ajout de photos et vid\u00e9os \u00e0 partir de vos smartphones via l&rsquo;application gratuitePartage et r\u00e9cup\u00e9ration des photos sur vos smartphones Caution demand\u00e9eVeuillez nous contacter pour obtenir un devis ______________________________________________________ Location [&hellip;]<\/p>\n","protected":false},"author":1,"featured_media":0,"parent":0,"menu_order":0,"comment_status":"closed","ping_status":"closed","template":"","meta":{"_monsterinsights_skip_tracking":false,"_monsterinsights_sitenote_active":false,"_monsterinsights_sitenote_note":"","_monsterinsights_sitenote_category":0,"jetpack_post_was_ever_published":false,"footnotes":""},"class_list":["post-827","page","type-page","status-publish","hentry"],"aioseo_notices":[],"jetpack_sharing_enabled":true,"jetpack_likes_enabled":true,"_links":{"self":[{"href":"https:\/\/dj-lucky.fr\/index.php\/wp-json\/wp\/v2\/pages\/827","targetHints":{"allow":["GET"]}}],"collection":[{"href":"https:\/\/dj-lucky.fr\/index.php\/wp-json\/wp\/v2\/pages"}],"about":[{"href":"https:\/\/dj-lucky.fr\/index.php\/wp-json\/wp\/v2\/types\/page"}],"author":[{"embeddable":true,"href":"https:\/\/dj-lucky.fr\/index.php\/wp-json\/wp\/v2\/users\/1"}],"replies":[{"embeddable":true,"href":"https:\/\/dj-lucky.fr\/index.php\/wp-json\/wp\/v2\/comments?post=827"}],"version-history":[{"count":41,"href":"https:\/\/dj-lucky.fr\/index.php\/wp-json\/wp\/v2\/pages\/827\/revisions"}],"predecessor-version":[{"id":2131,"href":"https:\/\/dj-lucky.fr\/index.php\/wp-json\/wp\/v2\/pages\/827\/revisions\/2131"}],"wp:attachment":[{"href":"https:\/\/dj-lucky.fr\/index.php\/wp-json\/wp\/v2\/media?parent=827"}],"curies":[{"name":"wp","href":"https:\/\/api.w.org\/{rel}","templated":true}]}}